{"id":521,"date":"2023-02-06T16:03:13","date_gmt":"2023-02-06T16:03:13","guid":{"rendered":"https:\/\/www.belfoodservice.ch\/conditions-generales\/"},"modified":"2023-02-10T17:49:44","modified_gmt":"2023-02-10T17:49:44","slug":"conditions-generales","status":"publish","type":"page","link":"https:\/\/www.belfoodservice.ch\/de\/conditions-generales\/","title":{"rendered":"Nutzungsbedingungen und Konditionen"},"content":{"rendered":"\n<p class=\"intro\">Die Firma Bel Suisse SA, Aktiengesellschaft mit Sitz an der Hinterbergstrasse, 6330 Cham, Schweiz, ver\u00f6ffentlicht die Webseite\u00a0<a href=\"https:\/\/www.belfoodservice.ch\/\">www.belfoodservice.ch<\/a>\u00a0Die Inhalte dieser Webseite sind Eigentum der Bel Suisse SA.<\/p>\n\n\n\n<h2 class=\"wp-block-heading\">Nutzung der webseite www.foodservice.ch<\/h2>\n\n\n\n<p>Der Inhalt der Seiten auf www.foodservice.ch wurde durch Bel Suisse SA sorgf\u00e4ltig bearbeitet und \u00fcberpr\u00fcft. Bel Suisse \u00fcbernimmt keine Gew\u00e4hrleistung (weder ausdr\u00fccklich noch stillschweigend) f\u00fcr Richtigkeit, Vollst\u00e4ndigkeit und Aktualit\u00e4t der auf der Webseite publizierten Informationen. Die Nutzung der auf der Webseite zur Verf\u00fcgung gestellten Inhalte und Informationen erfolgt auf alleinige Gefahr der Benutzer. Bel Suisse SA schliesst uneingeschr\u00e4nkt jede Haftung f\u00fcr Verluste oder direkte, indirekte Sch\u00e4den irgendwelcher Art aus, die sich aus der Ben\u00fctzung von www.foodservice.ch ergeben k\u00f6nnten.<\/p>\n\n\n\n<p>Die Bel Suisse SA beh\u00e4lt sich ausdr\u00fccklich das Recht vor, Teile der Seite oder das gesamte Angebot ohne vorherige Ank\u00fcndigung zu ver\u00e4ndern, zu erg\u00e4nzen, zu l\u00f6schen oder die Ver\u00f6ffentlichung einzustellen.<\/p>\n\n\n\n<h2 class=\"wp-block-heading\">Zugriff auf www.foodservice.ch<\/h2>\n\n\n\n<p>Bel Suisse SA bem\u00fcht sich jederzeit um einen einwandfreien Zugriff auf die Webseite www.foodservice.ch. Bel Suisse SA schliesst jedoch uneingeschr\u00e4nkt jede Haftung f\u00fcr Verluste oder direkte, indirekte Sch\u00e4den irgendwelcher Art aus, die sich durch den Zugriff auf die www.foodservice.ch Webseite ergeben k\u00f6nnten.<\/p>\n\n\n\n<h2 class=\"wp-block-heading\">Verteilung der post \/ e-mail<\/h2>\n\n\n\n<p>Bel Suisse SA haftet nicht f\u00fcr Verz\u00f6gerungen, Verluste oder Fehlleitung von Post \/ E-Mails.<\/p>\n\n\n\n<h2 class=\"wp-block-heading\">Links<\/h2>\n\n\n\n<p>Sofern die Bel Suisse SA direkt oder indirekt auf fremde Internetseiten verweist (\u201eLinks\u201c), ist sie nicht verantwortlich f\u00fcr den Inhalt, die Verf\u00fcgbarkeit, die Richtigkeit und die Genauigkeit der verlinkten Seiten, deren Angebote, Informationen und Werbeanzeigen. Die Bel Suisse SA haftet insbesondere nicht f\u00fcr illegale, fehlerhafte oder unvollst\u00e4ndige Inhalte und insbesondere nicht f\u00fcr Verluste oder direkte, indirekte Sch\u00e4den irgendwelcher Art aus, die aus der Ben\u00fctzung der auf den verlinkten Seiten angebotenen Informationen entstehen.<\/p>\n\n\n\n<h2 class=\"wp-block-heading\">Urheberrechte und sonstige schutzrechte<\/h2>\n\n\n\n<p>Die Inhalte auf www.foodservice.ch sind Eigentum von Bel Suisse SA und unterliegen dem Schutz des Urheberrechtsgesetzes und\/oder weiterer Schutzrechte. Diese bereitgestellten Informationen d\u00fcrfen nur f\u00fcr pers\u00f6nliche Zwecke verwendet werden. Die kommerzielle Nutzung dieser Inhalte durch jede Art der Vervielf\u00e4ltigung, Verbreitung und Ver\u00e4nderung ist ausdr\u00fccklich verboten.La soci\u00e9t\u00e9 Bel Suisse SA, soci\u00e9t\u00e9 anonyme, dont le si\u00e8ge social est situ\u00e9 \u00e0 Hinterbergstrasse 15, 6330 Cham, Suisse, \u00e9dite le site internet www.foodservice.ch<\/p>\n\n\n\n\n\t<section id=\"block_d4d1f5df7cab74676ac49d7a1b226da8\" class=\"brands-section\">\n\t\t<div class=\"brands-carousel\">\n\t\t\t\t\t\t\t\t\t\t\t\t\t\t\t\t<div class=\"slide\">\n\t\t\t\t\t\t\t\t\t\t\t\t\t<a href=\"https:\/\/www.belfoodservice.ch\/de\/marque-alpenhain\/\">\n\t\t\t\t\t\t\t\t<img width=\"300\" height=\"166\" src=\"https:\/\/www.belfoodservice.ch\/wp-content\/uploads\/2023\/02\/marque-alpenhain.jpg\" class=\"attachment-thumbnail_768 size-thumbnail_768\" alt=\"\" decoding=\"async\" loading=\"lazy\" \/>\t\t\t\t\t\t\t<\/a>\n\t\t\t\t\t\t\t\t\t\t\t<\/div>\n\t\t\t\t\t\t\t\t\t\t\t\t\t\t\t\t\t\t\t\t<div class=\"slide\">\n\t\t\t\t\t\t\t\t\t\t\t\t\t<a href=\"https:\/\/www.belfoodservice.ch\/de\/marque-babybel\/\">\n\t\t\t\t\t\t\t\t<img width=\"300\" height=\"262\" src=\"https:\/\/www.belfoodservice.ch\/wp-content\/uploads\/2023\/05\/marque-mini-babybel.png\" class=\"attachment-thumbnail_768 size-thumbnail_768\" alt=\"\" decoding=\"async\" loading=\"lazy\" srcset=\"https:\/\/www.belfoodservice.ch\/wp-content\/uploads\/2023\/05\/marque-mini-babybel.png 300w, https:\/\/www.belfoodservice.ch\/wp-content\/uploads\/2023\/05\/marque-mini-babybel-100x87.png 100w\" sizes=\"(max-width: 300px) 100vw, 300px\" \/>\t\t\t\t\t\t\t<\/a>\n\t\t\t\t\t\t\t\t\t\t\t<\/div>\n\t\t\t\t\t\t\t\t\t\t\t\t\t\t\t\t\t\t\t\t<div class=\"slide\">\n\t\t\t\t\t\t\t\t\t\t\t\t\t<a href=\"https:\/\/www.belfoodservice.ch\/de\/marque-cantadou\/\">\n\t\t\t\t\t\t\t\t<img width=\"300\" height=\"120\" src=\"https:\/\/www.belfoodservice.ch\/wp-content\/uploads\/2023\/02\/marque-cantadou.jpg\" class=\"attachment-thumbnail_768 size-thumbnail_768\" alt=\"\" decoding=\"async\" loading=\"lazy\" \/>\t\t\t\t\t\t\t<\/a>\n\t\t\t\t\t\t\t\t\t\t\t<\/div>\n\t\t\t\t\t\t\t\t\t\t\t\t\t\t\t\t\t\t\t\t<div class=\"slide\">\n\t\t\t\t\t\t\t\t\t\t\t\t\t<a href=\"https:\/\/www.belfoodservice.ch\/de\/marque-kiri\/\">\n\t\t\t\t\t\t\t\t<img width=\"300\" height=\"180\" src=\"https:\/\/www.belfoodservice.ch\/wp-content\/uploads\/2023\/02\/marque-kiri.jpg\" class=\"attachment-thumbnail_768 size-thumbnail_768\" alt=\"\" decoding=\"async\" loading=\"lazy\" \/>\t\t\t\t\t\t\t<\/a>\n\t\t\t\t\t\t\t\t\t\t\t<\/div>\n\t\t\t\t\t\t\t\t\t\t\t\t\t\t\t\t\t\t\t\t<div class=\"slide\">\n\t\t\t\t\t\t\t\t\t\t\t\t\t<a href=\"https:\/\/www.belfoodservice.ch\/de\/marque-vache-qui-rit\/\">\n\t\t\t\t\t\t\t\t<img width=\"300\" height=\"220\" src=\"https:\/\/www.belfoodservice.ch\/wp-content\/uploads\/2023\/02\/marque-lvqr.jpg\" class=\"attachment-thumbnail_768 size-thumbnail_768\" alt=\"\" decoding=\"async\" loading=\"lazy\" \/>\t\t\t\t\t\t\t<\/a>\n\t\t\t\t\t\t\t\t\t\t\t<\/div>\n\t\t\t\t\t\t\t\t\t\t\t\t\t\t\t\t\t\t\t\t<div class=\"slide\">\n\t\t\t\t\t\t\t\t\t\t\t\t\t<a href=\"https:\/\/www.belfoodservice.ch\/de\/marque-cantafrais\/\">\n\t\t\t\t\t\t\t\t<img width=\"300\" height=\"112\" src=\"https:\/\/www.belfoodservice.ch\/wp-content\/uploads\/2023\/02\/marque-cantafrais.jpg\" class=\"attachment-thumbnail_768 size-thumbnail_768\" alt=\"\" decoding=\"async\" loading=\"lazy\" \/>\t\t\t\t\t\t\t<\/a>\n\t\t\t\t\t\t\t\t\t\t\t<\/div>\n\t\t\t\t\t\t\t\t\t\t\t\t\t\t\t\t\t\t\t\t<div class=\"slide\">\n\t\t\t\t\t\t\t\t\t\t\t\t\t<img width=\"85\" height=\"85\" src=\"https:\/\/www.belfoodservice.ch\/wp-content\/uploads\/2023\/02\/maria-grimal.png\" class=\"attachment-thumbnail_768 size-thumbnail_768\" alt=\"\" decoding=\"async\" loading=\"lazy\" \/>\t\t\t\t\t\t\t\t\t\t\t<\/div>\n\t\t\t\t\t\t\t\t\t\t\t\t\t\t\t\t\t\t\t\t<div class=\"slide\">\n\t\t\t\t\t\t\t\t\t\t\t\t\t<img width=\"123\" height=\"52\" src=\"https:\/\/www.belfoodservice.ch\/wp-content\/uploads\/2023\/02\/xetabel.png\" class=\"attachment-thumbnail_768 size-thumbnail_768\" alt=\"\" decoding=\"async\" loading=\"lazy\" \/>\t\t\t\t\t\t\t\t\t\t\t<\/div>\n\t\t\t\t\t\t\t\t\t<\/div>\n\t<\/section>\n","protected":false},"excerpt":{"rendered":"<p>Die Firma Bel Suisse SA, Aktiengesellschaft mit Sitz an der Hinterbergstrasse, 6330 Cham, Schweiz, ver\u00f6ffentlicht die Webseite\u00a0www.belfoodservice.ch\u00a0Die Inhalte dieser Webseite sind Eigentum der Bel Suisse SA. Nutzung der webseite www.foodservice.ch Der Inhalt der Seiten auf www.foodservice.ch wurde durch Bel Suisse SA sorgf\u00e4ltig bearbeitet und \u00fcberpr\u00fcft. Bel Suisse \u00fcbernimmt keine Gew\u00e4hrleistung (weder ausdr\u00fccklich noch stillschweigend) f\u00fcr [&hellip;]<\/p>\n","protected":false},"author":1,"featured_media":0,"parent":0,"menu_order":0,"comment_status":"closed","ping_status":"closed","template":"","meta":{"inline_featured_image":false},"acf":[],"yoast_head":"<!-- This site is optimized with the Yoast SEO plugin v20.7 - https:\/\/yoast.com\/wordpress\/plugins\/seo\/ -->\n<title>Nutzungsbedingungen und Konditionen - Bel Foodservice<\/title>\n<meta name=\"robots\" content=\"index, follow, max-snippet:-1, max-image-preview:large, max-video-preview:-1\" \/>\n<link rel=\"canonical\" href=\"https:\/\/www.belfoodservice.ch\/de\/conditions-generales\/\" \/>\n<meta property=\"og:locale\" content=\"de_DE\" \/>\n<meta property=\"og:type\" content=\"article\" \/>\n<meta property=\"og:title\" content=\"Nutzungsbedingungen und Konditionen - Bel Foodservice\" \/>\n<meta property=\"og:description\" content=\"Die Firma Bel Suisse SA, Aktiengesellschaft mit Sitz an der Hinterbergstrasse, 6330 Cham, Schweiz, ver\u00f6ffentlicht die Webseite\u00a0www.belfoodservice.ch\u00a0Die Inhalte dieser Webseite sind Eigentum der Bel Suisse SA. Nutzung der webseite www.foodservice.ch Der Inhalt der Seiten auf www.foodservice.ch wurde durch Bel Suisse SA sorgf\u00e4ltig bearbeitet und \u00fcberpr\u00fcft. Bel Suisse \u00fcbernimmt keine Gew\u00e4hrleistung (weder ausdr\u00fccklich noch stillschweigend) f\u00fcr [&hellip;]\" \/>\n<meta property=\"og:url\" content=\"https:\/\/www.belfoodservice.ch\/de\/conditions-generales\/\" \/>\n<meta property=\"og:site_name\" content=\"Bel Foodservice\" \/>\n<meta property=\"article:modified_time\" content=\"2023-02-10T17:49:44+00:00\" \/>\n<meta name=\"twitter:card\" content=\"summary_large_image\" \/>\n<meta name=\"twitter:label1\" content=\"Est. reading time\" \/>\n\t<meta name=\"twitter:data1\" content=\"2 Minuten\" \/>\n<script type=\"application\/ld+json\" class=\"yoast-schema-graph\">{\"@context\":\"https:\/\/schema.org\",\"@graph\":[{\"@type\":\"WebPage\",\"@id\":\"https:\/\/www.belfoodservice.ch\/de\/conditions-generales\/\",\"url\":\"https:\/\/www.belfoodservice.ch\/de\/conditions-generales\/\",\"name\":\"Nutzungsbedingungen und Konditionen - Bel Foodservice\",\"isPartOf\":{\"@id\":\"https:\/\/www.belfoodservice.ch\/de\/#website\"},\"datePublished\":\"2023-02-06T16:03:13+00:00\",\"dateModified\":\"2023-02-10T17:49:44+00:00\",\"breadcrumb\":{\"@id\":\"https:\/\/www.belfoodservice.ch\/de\/conditions-generales\/#breadcrumb\"},\"inLanguage\":\"de-DE\",\"potentialAction\":[{\"@type\":\"ReadAction\",\"target\":[\"https:\/\/www.belfoodservice.ch\/de\/conditions-generales\/\"]}]},{\"@type\":\"BreadcrumbList\",\"@id\":\"https:\/\/www.belfoodservice.ch\/de\/conditions-generales\/#breadcrumb\",\"itemListElement\":[{\"@type\":\"ListItem\",\"position\":1,\"name\":\"Home\",\"item\":\"https:\/\/www.belfoodservice.ch\/de\/\"},{\"@type\":\"ListItem\",\"position\":2,\"name\":\"Nutzungsbedingungen und Konditionen\"}]},{\"@type\":\"WebSite\",\"@id\":\"https:\/\/www.belfoodservice.ch\/de\/#website\",\"url\":\"https:\/\/www.belfoodservice.ch\/de\/\",\"name\":\"Bel Foodservice\",\"description\":\"\",\"publisher\":{\"@id\":\"https:\/\/www.belfoodservice.ch\/de\/#organization\"},\"potentialAction\":[{\"@type\":\"SearchAction\",\"target\":{\"@type\":\"EntryPoint\",\"urlTemplate\":\"https:\/\/www.belfoodservice.ch\/de\/?s={search_term_string}\"},\"query-input\":\"required name=search_term_string\"}],\"inLanguage\":\"de-DE\"},{\"@type\":\"Organization\",\"@id\":\"https:\/\/www.belfoodservice.ch\/de\/#organization\",\"name\":\"Bel Foodservice\",\"url\":\"https:\/\/www.belfoodservice.ch\/de\/\",\"logo\":{\"@type\":\"ImageObject\",\"inLanguage\":\"de-DE\",\"@id\":\"https:\/\/www.belfoodservice.ch\/de\/#\/schema\/logo\/image\/\",\"url\":\"https:\/\/www.belfoodservice.ch\/wp-content\/uploads\/2023\/02\/logo.png\",\"contentUrl\":\"https:\/\/www.belfoodservice.ch\/wp-content\/uploads\/2023\/02\/logo.png\",\"width\":450,\"height\":140,\"caption\":\"Bel Foodservice\"},\"image\":{\"@id\":\"https:\/\/www.belfoodservice.ch\/de\/#\/schema\/logo\/image\/\"}}]}<\/script>\n<!-- \/ Yoast SEO plugin. -->","yoast_head_json":{"title":"Nutzungsbedingungen und Konditionen - Bel Foodservice","robots":{"index":"index","follow":"follow","max-snippet":"max-snippet:-1","max-image-preview":"max-image-preview:large","max-video-preview":"max-video-preview:-1"},"canonical":"https:\/\/www.belfoodservice.ch\/de\/conditions-generales\/","og_locale":"de_DE","og_type":"article","og_title":"Nutzungsbedingungen und Konditionen - Bel Foodservice","og_description":"Die Firma Bel Suisse SA, Aktiengesellschaft mit Sitz an der Hinterbergstrasse, 6330 Cham, Schweiz, ver\u00f6ffentlicht die Webseite\u00a0www.belfoodservice.ch\u00a0Die Inhalte dieser Webseite sind Eigentum der Bel Suisse SA. Nutzung der webseite www.foodservice.ch Der Inhalt der Seiten auf www.foodservice.ch wurde durch Bel Suisse SA sorgf\u00e4ltig bearbeitet und \u00fcberpr\u00fcft. Bel Suisse \u00fcbernimmt keine Gew\u00e4hrleistung (weder ausdr\u00fccklich noch stillschweigend) f\u00fcr [&hellip;]","og_url":"https:\/\/www.belfoodservice.ch\/de\/conditions-generales\/","og_site_name":"Bel Foodservice","article_modified_time":"2023-02-10T17:49:44+00:00","twitter_card":"summary_large_image","twitter_misc":{"Est. reading time":"2 Minuten"},"schema":{"@context":"https:\/\/schema.org","@graph":[{"@type":"WebPage","@id":"https:\/\/www.belfoodservice.ch\/de\/conditions-generales\/","url":"https:\/\/www.belfoodservice.ch\/de\/conditions-generales\/","name":"Nutzungsbedingungen und Konditionen - Bel Foodservice","isPartOf":{"@id":"https:\/\/www.belfoodservice.ch\/de\/#website"},"datePublished":"2023-02-06T16:03:13+00:00","dateModified":"2023-02-10T17:49:44+00:00","breadcrumb":{"@id":"https:\/\/www.belfoodservice.ch\/de\/conditions-generales\/#breadcrumb"},"inLanguage":"de-DE","potentialAction":[{"@type":"ReadAction","target":["https:\/\/www.belfoodservice.ch\/de\/conditions-generales\/"]}]},{"@type":"BreadcrumbList","@id":"https:\/\/www.belfoodservice.ch\/de\/conditions-generales\/#breadcrumb","itemListElement":[{"@type":"ListItem","position":1,"name":"Home","item":"https:\/\/www.belfoodservice.ch\/de\/"},{"@type":"ListItem","position":2,"name":"Nutzungsbedingungen und Konditionen"}]},{"@type":"WebSite","@id":"https:\/\/www.belfoodservice.ch\/de\/#website","url":"https:\/\/www.belfoodservice.ch\/de\/","name":"Bel Foodservice","description":"","publisher":{"@id":"https:\/\/www.belfoodservice.ch\/de\/#organization"},"potentialAction":[{"@type":"SearchAction","target":{"@type":"EntryPoint","urlTemplate":"https:\/\/www.belfoodservice.ch\/de\/?s={search_term_string}"},"query-input":"required name=search_term_string"}],"inLanguage":"de-DE"},{"@type":"Organization","@id":"https:\/\/www.belfoodservice.ch\/de\/#organization","name":"Bel Foodservice","url":"https:\/\/www.belfoodservice.ch\/de\/","logo":{"@type":"ImageObject","inLanguage":"de-DE","@id":"https:\/\/www.belfoodservice.ch\/de\/#\/schema\/logo\/image\/","url":"https:\/\/www.belfoodservice.ch\/wp-content\/uploads\/2023\/02\/logo.png","contentUrl":"https:\/\/www.belfoodservice.ch\/wp-content\/uploads\/2023\/02\/logo.png","width":450,"height":140,"caption":"Bel Foodservice"},"image":{"@id":"https:\/\/www.belfoodservice.ch\/de\/#\/schema\/logo\/image\/"}}]}},"_links":{"self":[{"href":"https:\/\/www.belfoodservice.ch\/de\/wp-json\/wp\/v2\/pages\/521"}],"collection":[{"href":"https:\/\/www.belfoodservice.ch\/de\/wp-json\/wp\/v2\/pages"}],"about":[{"href":"https:\/\/www.belfoodservice.ch\/de\/wp-json\/wp\/v2\/types\/page"}],"author":[{"embeddable":true,"href":"https:\/\/www.belfoodservice.ch\/de\/wp-json\/wp\/v2\/users\/1"}],"replies":[{"embeddable":true,"href":"https:\/\/www.belfoodservice.ch\/de\/wp-json\/wp\/v2\/comments?post=521"}],"version-history":[{"count":2,"href":"https:\/\/www.belfoodservice.ch\/de\/wp-json\/wp\/v2\/pages\/521\/revisions"}],"predecessor-version":[{"id":587,"href":"https:\/\/www.belfoodservice.ch\/de\/wp-json\/wp\/v2\/pages\/521\/revisions\/587"}],"wp:attachment":[{"href":"https:\/\/www.belfoodservice.ch\/de\/wp-json\/wp\/v2\/media?parent=521"}],"curies":[{"name":"wp","href":"https:\/\/api.w.org\/{rel}","templated":true}]}}